{"id":1401,"date":"2024-07-25T19:04:20","date_gmt":"2024-07-25T19:04:20","guid":{"rendered":"http:\/\/www.sandrascoaching.ch\/?page_id=1401"},"modified":"2024-07-25T19:18:01","modified_gmt":"2024-07-25T19:18:01","slug":"energetischescoaching-fuer-therapietiere","status":"publish","type":"page","link":"http:\/\/www.sandrascoaching.ch\/?page_id=1401","title":{"rendered":"Energetischescoaching f\u00fcr Therapietiere"},"content":{"rendered":"\t\t<div data-elementor-type=\"wp-page\" data-elementor-id=\"1401\" class=\"elementor elementor-1401\">\n\t\t\t\t\t\t<section class=\"elementor-section elementor-top-section elementor-element elementor-element-d1f198f elementor-section-boxed elementor-section-height-default elementor-section-height-default\" data-id=\"d1f198f\" data-element_type=\"section\" data-e-type=\"section\">\n\t\t\t\t\t\t<div class=\"elementor-container elementor-column-gap-default\">\n\t\t\t\t\t<div class=\"elementor-column elementor-col-100 elementor-top-column elementor-element elementor-element-470f027\" data-id=\"470f027\" data-element_type=\"column\" data-e-type=\"column\">\n\t\t\t<div class=\"elementor-widget-wrap elementor-element-populated\">\n\t\t\t\t\t\t<div class=\"elementor-element elementor-element-aff5b86 elementor-widget elementor-widget-heading\" data-id=\"aff5b86\" data-element_type=\"widget\" data-e-type=\"widget\" data-widget_type=\"heading.default\">\n\t\t\t\t<div class=\"elementor-widget-container\">\n\t\t\t\t\t<h2 class=\"elementor-heading-title elementor-size-default\">Das Coaching speziell f\u00fcr Therapietiere<\/h2>\t\t\t\t<\/div>\n\t\t\t\t<\/div>\n\t\t\t\t<div class=\"elementor-element elementor-element-70243d6 elementor-widget elementor-widget-image\" data-id=\"70243d6\" data-element_type=\"widget\" data-e-type=\"widget\" data-widget_type=\"image.default\">\n\t\t\t\t<div class=\"elementor-widget-container\">\n\t\t\t\t\t\t\t\t\t\t\t\t\t\t\t<img fetchpriority=\"high\" decoding=\"async\" width=\"750\" height=\"426\" src=\"http:\/\/www.sandrascoaching.ch\/wp-content\/uploads\/2019\/06\/katze-Kurs-1024x582.jpg\" class=\"attachment-large size-large wp-image-414\" alt=\"\" srcset=\"http:\/\/www.sandrascoaching.ch\/wp-content\/uploads\/2019\/06\/katze-Kurs-1024x582.jpg 1024w, http:\/\/www.sandrascoaching.ch\/wp-content\/uploads\/2019\/06\/katze-Kurs-300x170.jpg 300w, http:\/\/www.sandrascoaching.ch\/wp-content\/uploads\/2019\/06\/katze-Kurs-768x436.jpg 768w, http:\/\/www.sandrascoaching.ch\/wp-content\/uploads\/2019\/06\/katze-Kurs.jpg 1280w\" sizes=\"(max-width: 750px) 100vw, 750px\" \/>\t\t\t\t\t\t\t\t\t\t\t\t\t\t\t<\/div>\n\t\t\t\t<\/div>\n\t\t\t\t\t<\/div>\n\t\t<\/div>\n\t\t\t\t\t<\/div>\n\t\t<\/section>\n\t\t\t\t<section class=\"elementor-section elementor-top-section elementor-element elementor-element-2327883 elementor-section-boxed elementor-section-height-default elementor-section-height-default\" data-id=\"2327883\" data-element_type=\"section\" data-e-type=\"section\">\n\t\t\t\t\t\t<div class=\"elementor-container elementor-column-gap-default\">\n\t\t\t\t\t<div class=\"elementor-column elementor-col-100 elementor-top-column elementor-element elementor-element-df2605b\" data-id=\"df2605b\" data-element_type=\"column\" data-e-type=\"column\">\n\t\t\t<div class=\"elementor-widget-wrap elementor-element-populated\">\n\t\t\t\t\t\t<div class=\"elementor-element elementor-element-e0d1c47 elementor-widget elementor-widget-text-editor\" data-id=\"e0d1c47\" data-element_type=\"widget\" data-e-type=\"widget\" data-widget_type=\"text-editor.default\">\n\t\t\t\t<div class=\"elementor-widget-container\">\n\t\t\t\t\t\t\t\t\t<p>Tiere sind im therapeutischen Alltag schon l\u00e4ngst zu Gewohnheit geworden. Ob Hund, Katze, Esel, Pferd ja sogar Meerschweinchen und H\u00fchner bewohnen Allgegenw\u00e4rtig Einrichtungen in welchen Menschen mit &#8222;special Needs&#8220; beherbergt und betreut werden. Und \u00fcberall sind sie gesch\u00e4tze Helfer, Mitbewohner ja gar Mitarbeiter. <\/p>\n<p>Sie sind vielf\u00e4lltig einsetzt bar und tun ihren Job effizient, helfen subtil und sind zur Stelle, wenn wir Therapeuten sie brauchen. <\/p>\t\t\t\t\t\t\t\t<\/div>\n\t\t\t\t<\/div>\n\t\t\t\t\t<\/div>\n\t\t<\/div>\n\t\t\t\t\t<\/div>\n\t\t<\/section>\n\t\t\t\t<\/div>\n\t\t","protected":false},"excerpt":{"rendered":"<p>Das Coaching speziell f\u00fcr Therapietiere Tiere sind im therapeutischen Alltag schon l\u00e4ngst zu Gewohnheit geworden. Ob Hund, Katze, Esel, Pferd ja sogar Meerschweinchen und H\u00fchner bewohnen Allgegenw\u00e4rtig Einrichtungen in welchen Menschen mit &#8222;special Needs&#8220; beherbergt und betreut werden. Und \u00fcberall sind sie gesch\u00e4tze Helfer, Mitbewohner ja gar Mitarbeiter. Sie sind [&hellip;]<\/p>\n","protected":false},"author":1,"featured_media":0,"parent":0,"menu_order":0,"comment_status":"closed","ping_status":"closed","template":"page-templates\/template-pagebuilder-full-width.php","meta":{"_exactmetrics_skip_tracking":false,"_exactmetrics_sitenote_active":false,"_exactmetrics_sitenote_note":"","_exactmetrics_sitenote_category":0,"footnotes":""},"_links":{"self":[{"href":"http:\/\/www.sandrascoaching.ch\/index.php?rest_route=\/wp\/v2\/pages\/1401"}],"collection":[{"href":"http:\/\/www.sandrascoaching.ch\/index.php?rest_route=\/wp\/v2\/pages"}],"about":[{"href":"http:\/\/www.sandrascoaching.ch\/index.php?rest_route=\/wp\/v2\/types\/page"}],"author":[{"embeddable":true,"href":"http:\/\/www.sandrascoaching.ch\/index.php?rest_route=\/wp\/v2\/users\/1"}],"replies":[{"embeddable":true,"href":"http:\/\/www.sandrascoaching.ch\/index.php?rest_route=%2Fwp%2Fv2%2Fcomments&post=1401"}],"version-history":[{"count":7,"href":"http:\/\/www.sandrascoaching.ch\/index.php?rest_route=\/wp\/v2\/pages\/1401\/revisions"}],"predecessor-version":[{"id":1409,"href":"http:\/\/www.sandrascoaching.ch\/index.php?rest_route=\/wp\/v2\/pages\/1401\/revisions\/1409"}],"wp:attachment":[{"href":"http:\/\/www.sandrascoaching.ch\/index.php?rest_route=%2Fwp%2Fv2%2Fmedia&parent=1401"}],"curies":[{"name":"wp","href":"https:\/\/api.w.org\/{rel}","templated":true}]}}