{"id":231,"date":"2019-04-28T14:51:51","date_gmt":"2019-04-28T14:51:51","guid":{"rendered":"http:\/\/www.sandrascoaching.ch\/?page_id=231"},"modified":"2025-01-05T12:05:56","modified_gmt":"2025-01-05T12:05:56","slug":"tierkommunikation","status":"publish","type":"page","link":"http:\/\/www.sandrascoaching.ch\/?page_id=231","title":{"rendered":"Tierkommunikation"},"content":{"rendered":"\t\t<div data-elementor-type=\"wp-post\" data-elementor-id=\"231\" class=\"elementor elementor-231\">\n\t\t\t\t\t\t<section class=\"elementor-section elementor-top-section elementor-element elementor-element-31f5b614 elementor-section-boxed elementor-section-height-default elementor-section-height-default\" data-id=\"31f5b614\" data-element_type=\"section\" data-e-type=\"section\" data-settings=\"{&quot;background_background&quot;:&quot;classic&quot;}\">\n\t\t\t\t\t\t<div class=\"elementor-container elementor-column-gap-default\">\n\t\t\t\t\t<div class=\"elementor-column elementor-col-100 elementor-top-column elementor-element elementor-element-3ccea19\" data-id=\"3ccea19\" data-element_type=\"column\" data-e-type=\"column\" data-settings=\"{&quot;background_background&quot;:&quot;gradient&quot;}\">\n\t\t\t<div class=\"elementor-widget-wrap elementor-element-populated\">\n\t\t\t\t\t\t<div class=\"elementor-element elementor-element-7be40c1 elementor-widget elementor-widget-heading\" data-id=\"7be40c1\" data-element_type=\"widget\" data-e-type=\"widget\" data-widget_type=\"heading.default\">\n\t\t\t\t<div class=\"elementor-widget-container\">\n\t\t\t\t\t<h2 class=\"elementor-heading-title elementor-size-default\">Die Sprache der Seelentiere<\/h2>\t\t\t\t<\/div>\n\t\t\t\t<\/div>\n\t\t\t\t<div class=\"elementor-element elementor-element-46637cd elementor-widget elementor-widget-image\" data-id=\"46637cd\" data-element_type=\"widget\" data-e-type=\"widget\" data-widget_type=\"image.default\">\n\t\t\t\t<div class=\"elementor-widget-container\">\n\t\t\t\t\t\t\t\t\t\t\t\t<figure class=\"wp-caption\">\n\t\t\t\t\t\t\t\t\t\t<img decoding=\"async\" src=\"http:\/\/www.sandrascoaching.ch\/wp-content\/uploads\/elementor\/thumbs\/Katze-o9av056ft0z7crbgezzqz8lvpnjqzh6kgjufz65f7o.jpg\" title=\"Katze\" alt=\"Katze\" loading=\"lazy\" \/>\t\t\t\t\t\t\t\t\t\t\t<figcaption class=\"widget-image-caption wp-caption-text\">Kennst du diesen Blick?<\/figcaption>\n\t\t\t\t\t\t\t\t\t\t<\/figure>\n\t\t\t\t\t\t\t\t\t<\/div>\n\t\t\t\t<\/div>\n\t\t\t\t<div class=\"elementor-element elementor-element-f794ae8 elementor-widget elementor-widget-text-editor\" data-id=\"f794ae8\" data-element_type=\"widget\" data-e-type=\"widget\" data-widget_type=\"text-editor.default\">\n\t\t\t\t<div class=\"elementor-widget-container\">\n\t\t\t\t\t\t\t\t\t<p>Und du sp\u00fcrst f\u00f6rmlich, dass dein Seelentier dir etwas mitteilen m\u00f6chte?<\/p><p><span>Dann lass <\/span>dir gesagt sein, dass dem ganz oft auch so ist!<\/p><p>Kurz zur Information:<\/p><p>Tierkommunikation ist eine mediale Art mit Tieren zu kommunizieren. Hierbei findet ein thelepatischer Austausch zwischen dem Tierkommunikator und dem Tier statt, bei welchem<\/p><p>&#8211; Bilder<br \/>&#8211; Ger\u00fcche<br \/>&#8211; Gedanken<br \/>&#8211; und Ger\u00e4usche<\/p><p>also Informationen ausgetauscht werden. Oft wird die Tierkommunikation dazu genutzt, um allt\u00e4gliche Fragen der Befindlichkeit zu kl\u00e4ren.<\/p><p>Ich f\u00fcr meinen Teile, nutze die Tierkommunikation dazu, um die Verbindung auf Seelenebnen zwischen Mensch und Tier zu kl\u00e4ren. Denn oftmals verbindet die Menschen mehr mit Ihrem Seelentier, als ihnen bewusst ist. Seelentiere halten oft komplexe Aufgaben f\u00fcr uns bereit, die den betreffenden Menschen helfen, ihre Seelenaufgaben zu l\u00f6sen. Ist den Menschen dies nicht bewusst, k\u00f6nnen die Tiere nur erschwert Ihre Aufgabe erledigen. Oftmals werden Sie dann als Problemtiere abgestempelt, weil Ihr Verhalten mittels Rationalemverstand nicht begreifbar ist.<\/p><p>Und genau in diesem Verst\u00e4ndnis m\u00f6chte ich dich unterst\u00fctzen!<\/p>\t\t\t\t\t\t\t\t<\/div>\n\t\t\t\t<\/div>\n\t\t\t\t<div class=\"elementor-element elementor-element-19029f9 elementor-widget elementor-widget-text-editor\" data-id=\"19029f9\" data-element_type=\"widget\" data-e-type=\"widget\" data-widget_type=\"text-editor.default\">\n\t\t\t\t<div class=\"elementor-widget-container\">\n\t\t\t\t\t\t\t\t\t<p>Stehst du gerade an einer Gabelung, wo du nicht weisst, wie es weiter geht mit deinem Tier?<\/p>\n<p>Kriegst du immer wieder Botschaften von deinem Tier und kannst sie<br>nicht deuten? Fragst du dich, wie die weiteren Schritte aussehen sollen?<\/p>\n<p>Gibt es da ein Tier, dass dich vor Herausforderungen stellt, denen du dich&nbsp; nicht gewachsen f\u00fchlst?<\/p>\n<p>Ist dein Seelentier dauernd krank und kein Tierarzt findet heraus wieso?<\/p>\n<p>Mit Seelentieren f\u00fchlt man sich nicht immer einfach nur wohl. Oftmals<br>stellen sie einem vor Herausforderungen, die uns im Leben weiter<br>bringen sollten. Dies bringt oft Themen mit sich, welche uns zwingen<br>unsere Komfortzone zu verlassen. Das empfinden wir oft als unangenehm<br>oder angstrengend.<\/p>\n<p>In meinem Coaching mit deinem Seelentier geht es <b>genau<\/b> <b>darum<\/b>.<\/p>\n<p><b>Es geht darum<\/b>, wie du erkennst, was dir mitgeteilt wird.<\/p>\n<p><b>Es geht darum<\/b>, was du \u00e4ndern darfst, damit die Situation sich verbessert.<\/p>\n<p><b>Es geht darum,<\/b> zu verstehen, wie die Systeme funktionieren in<br>welchen wir uns tagt\u00e4glich befinden, ja sogar zusammen h\u00e4ngen und wie<br>wir uns auf unserem Seelenweg dem widmen, was uns weiter bringt.<\/p>\n<div>M\u00f6chtest du erfahren, wie das bei dir und deinem Seelentier ist?<br><br><\/div>\n<div><\/div>\n<div>F\u00fcr deinen individuellen Beratungstermin kontaktiere mich gerne direkt telefonisch auf <b>079 366 11 52<\/b>.<br><br><\/div>\n<p>Kosten 80.- CHF pro Stunde Fernbehandlung<\/p><p>Kosten 120.- CHF f\u00fcr die erste Stunde in House Behandlung zuz\u00fcglich Km Anfahrt ab Langnau am Albis gerechnet<br><\/p>\n<p><br><\/p>\n<p><\/p>\t\t\t\t\t\t\t\t<\/div>\n\t\t\t\t<\/div>\n\t\t\t\t\t<\/div>\n\t\t<\/div>\n\t\t\t\t\t<\/div>\n\t\t<\/section>\n\t\t\t\t<section class=\"elementor-section elementor-top-section elementor-element elementor-element-4edc70b elementor-section-boxed elementor-section-height-default elementor-section-height-default\" data-id=\"4edc70b\" data-element_type=\"section\" data-e-type=\"section\">\n\t\t\t\t\t\t<div class=\"elementor-container elementor-column-gap-default\">\n\t\t\t\t\t<div class=\"elementor-column elementor-col-100 elementor-top-column elementor-element elementor-element-d9eecb4\" data-id=\"d9eecb4\" data-element_type=\"column\" data-e-type=\"column\">\n\t\t\t<div class=\"elementor-widget-wrap elementor-element-populated\">\n\t\t\t\t\t\t\t<\/div>\n\t\t<\/div>\n\t\t\t\t\t<\/div>\n\t\t<\/section>\n\t\t\t\t<section class=\"elementor-section elementor-top-section elementor-element elementor-element-8b972b9 elementor-section-boxed elementor-section-height-default elementor-section-height-default\" data-id=\"8b972b9\" data-element_type=\"section\" data-e-type=\"section\">\n\t\t\t\t\t\t<div class=\"elementor-container elementor-column-gap-default\">\n\t\t\t\t\t<div class=\"elementor-column elementor-col-50 elementor-top-column elementor-element elementor-element-100463d\" data-id=\"100463d\" data-element_type=\"column\" data-e-type=\"column\">\n\t\t\t<div class=\"elementor-widget-wrap\">\n\t\t\t\t\t\t\t<\/div>\n\t\t<\/div>\n\t\t\t\t<div class=\"elementor-column elementor-col-50 elementor-top-column elementor-element elementor-element-a77d011\" data-id=\"a77d011\" data-element_type=\"column\" data-e-type=\"column\">\n\t\t\t<div class=\"elementor-widget-wrap\">\n\t\t\t\t\t\t\t<\/div>\n\t\t<\/div>\n\t\t\t\t\t<\/div>\n\t\t<\/section>\n\t\t\t\t<\/div>\n\t\t","protected":false},"excerpt":{"rendered":"<p>Die Sprache der Seelentiere Kennst du diesen Blick? Und du sp\u00fcrst f\u00f6rmlich, dass dein Seelentier dir etwas mitteilen m\u00f6chte? Dann lass dir gesagt sein, dass dem ganz oft auch so ist! Kurz zur Information: Tierkommunikation ist eine mediale Art mit Tieren zu kommunizieren. Hierbei findet ein thelepatischer Austausch zwischen dem [&hellip;]<\/p>\n","protected":false},"author":1,"featured_media":0,"parent":0,"menu_order":0,"comment_status":"closed","ping_status":"closed","template":"","meta":{"_exactmetrics_skip_tracking":false,"_exactmetrics_sitenote_active":false,"_exactmetrics_sitenote_note":"","_exactmetrics_sitenote_category":0,"footnotes":""},"_links":{"self":[{"href":"http:\/\/www.sandrascoaching.ch\/index.php?rest_route=\/wp\/v2\/pages\/231"}],"collection":[{"href":"http:\/\/www.sandrascoaching.ch\/index.php?rest_route=\/wp\/v2\/pages"}],"about":[{"href":"http:\/\/www.sandrascoaching.ch\/index.php?rest_route=\/wp\/v2\/types\/page"}],"author":[{"embeddable":true,"href":"http:\/\/www.sandrascoaching.ch\/index.php?rest_route=\/wp\/v2\/users\/1"}],"replies":[{"embeddable":true,"href":"http:\/\/www.sandrascoaching.ch\/index.php?rest_route=%2Fwp%2Fv2%2Fcomments&post=231"}],"version-history":[{"count":84,"href":"http:\/\/www.sandrascoaching.ch\/index.php?rest_route=\/wp\/v2\/pages\/231\/revisions"}],"predecessor-version":[{"id":1475,"href":"http:\/\/www.sandrascoaching.ch\/index.php?rest_route=\/wp\/v2\/pages\/231\/revisions\/1475"}],"wp:attachment":[{"href":"http:\/\/www.sandrascoaching.ch\/index.php?rest_route=%2Fwp%2Fv2%2Fmedia&parent=231"}],"curies":[{"name":"wp","href":"https:\/\/api.w.org\/{rel}","templated":true}]}}