{"id":246,"date":"2019-05-26T09:42:06","date_gmt":"2019-05-26T09:42:06","guid":{"rendered":"http:\/\/www.sandrascoaching.ch\/?page_id=246"},"modified":"2025-01-05T11:38:10","modified_gmt":"2025-01-05T11:38:10","slug":"pferdegestuetztes-coaching","status":"publish","type":"page","link":"http:\/\/www.sandrascoaching.ch\/?page_id=246","title":{"rendered":"Pferdegest\u00fctztes Coaching"},"content":{"rendered":"\t\t<div data-elementor-type=\"wp-post\" data-elementor-id=\"246\" class=\"elementor elementor-246\">\n\t\t\t\t\t\t<section class=\"elementor-section elementor-top-section elementor-element elementor-element-39e096e7 elementor-section-boxed elementor-section-height-default elementor-section-height-default\" data-id=\"39e096e7\" data-element_type=\"section\" data-e-type=\"section\">\n\t\t\t\t\t\t<div class=\"elementor-container elementor-column-gap-default\">\n\t\t\t\t\t<div class=\"elementor-column elementor-col-100 elementor-top-column elementor-element elementor-element-57c6070d\" data-id=\"57c6070d\" data-element_type=\"column\" data-e-type=\"column\">\n\t\t\t<div class=\"elementor-widget-wrap elementor-element-populated\">\n\t\t\t\t\t\t<div class=\"elementor-element elementor-element-6d6e6dc elementor-widget elementor-widget-heading\" data-id=\"6d6e6dc\" data-element_type=\"widget\" data-e-type=\"widget\" data-widget_type=\"heading.default\">\n\t\t\t\t<div class=\"elementor-widget-container\">\n\t\t\t\t\t<h2 class=\"elementor-heading-title elementor-size-default\">Mit Pferdest\u00e4rke schneller am Ziel<\/h2>\t\t\t\t<\/div>\n\t\t\t\t<\/div>\n\t\t\t\t<div class=\"elementor-element elementor-element-d81a05c elementor-widget elementor-widget-text-editor\" data-id=\"d81a05c\" data-element_type=\"widget\" data-e-type=\"widget\" data-widget_type=\"text-editor.default\">\n\t\t\t\t<div class=\"elementor-widget-container\">\n\t\t\t\t\t\t\t\t\t<p>Kennst du diese Menschen, die scheinbar immer Gl\u00fcck haben, dennen alles leicht f\u00e4llt und die durch ihre dauer gute Laune auffallend aus der Reihe tanzen?<\/p>\n<p>Sie sind beruflich total erfolgreich, haben f\u00fcr alles eine L\u00f6sung und sehen dabei auch noch gut aus? Und Tr\u00e4ume erf\u00fcllen Sie sich sowieso jeden Tag auf&#8217;s Neue!<\/p>\t\t\t\t\t\t\t\t<\/div>\n\t\t\t\t<\/div>\n\t\t\t\t<div class=\"elementor-element elementor-element-6004c98 elementor-widget elementor-widget-image\" data-id=\"6004c98\" data-element_type=\"widget\" data-e-type=\"widget\" data-widget_type=\"image.default\">\n\t\t\t\t<div class=\"elementor-widget-container\">\n\t\t\t\t\t\t\t\t\t\t\t\t\t\t\t<img fetchpriority=\"high\" decoding=\"async\" width=\"750\" height=\"337\" src=\"http:\/\/www.sandrascoaching.ch\/wp-content\/uploads\/2019\/06\/smile-1024x460.jpg\" class=\"attachment-large size-large wp-image-469\" alt=\"\" srcset=\"http:\/\/www.sandrascoaching.ch\/wp-content\/uploads\/2019\/06\/smile-1024x460.jpg 1024w, http:\/\/www.sandrascoaching.ch\/wp-content\/uploads\/2019\/06\/smile-300x135.jpg 300w, http:\/\/www.sandrascoaching.ch\/wp-content\/uploads\/2019\/06\/smile-768x345.jpg 768w, http:\/\/www.sandrascoaching.ch\/wp-content\/uploads\/2019\/06\/smile.jpg 1280w\" sizes=\"(max-width: 750px) 100vw, 750px\" \/>\t\t\t\t\t\t\t\t\t\t\t\t\t\t\t<\/div>\n\t\t\t\t<\/div>\n\t\t\t\t<div class=\"elementor-element elementor-element-efbf9e2 elementor-widget elementor-widget-text-editor\" data-id=\"efbf9e2\" data-element_type=\"widget\" data-e-type=\"widget\" data-widget_type=\"text-editor.default\">\n\t\t\t\t<div class=\"elementor-widget-container\">\n\t\t\t\t\t\t\t\t\t<p><!-- \/wp:gallery --><!-- wp:paragraph {\"customTextColor\":\"#7f6100\"} --><\/p>\n<p>Ich denke du weisst genau, welche Menschen ich meine!<\/p>\n<p>Doch weshalb f\u00e4llt es ihnen so leicht und andere kriegen genau nichts auf die Reihe? Gute Frage nicht?<\/p>\n<p>Ich denke, diese Menschen haben eine Technik gefunden, die Ihnen Hilft, innere Blockaden zu \u00fcberwinden.<\/p>\n<p>Das immer selbst zu schaffen ist oft schwierig, den dabei handelt es sich um unbewusste Pr\u00e4gungen und Glaubenss\u00e4tze welche uns oft im Hamsterrad gefangen halten. <\/p>\n<p>Genau deshalb habe ich dieses Angebot geschaffen, um dir in einem gesch\u00fctzen Rahmen die M\u00f6glichkeit zu bieten, f\u00fcr dich selbst neue Ans\u00e4tze zu schaffen und alte Glaubenss\u00e4tze zu \u00fcberarbeiten, welche dich von deinem Traum abhalten.<br><\/p>\n<p>Ich als Coach begleite dich dabei und unterst\u00fctze dich bei Perspektivenwechsel und der Neugestalltung deines Mindsets. Henry wird dir helfen, deine inneren Blockaden zu erkennen und zusammen l\u00f6sen wir diese auf.<\/p>\n<p><\/p>\n<p>Bist du bereit f\u00fcr das ultimative Coaching Angebot mit pferdischer Unterst\u00fctzung?<\/p>\n<p><\/p>\n<p style=\"color: #7f6100;\">\n<\/p><p><!-- \/wp:paragraph --><!-- wp:paragraph --><\/p>\n<p><!-- \/wp:paragraph --><!-- wp:paragraph --><\/p>\n<p><!-- \/wp:paragraph --><!-- wp:paragraph --><\/p>\n<p><\/p>\n<p><!-- \/wp:paragraph --><!-- wp:paragraph --><\/p>\n<p><!-- \/wp:paragraph --><!-- wp:paragraph --><\/p>\n<p><!-- \/wp:paragraph --><\/p>\t\t\t\t\t\t\t\t<\/div>\n\t\t\t\t<\/div>\n\t\t\t\t<div class=\"elementor-element elementor-element-29d0c71 elementor-view-default elementor-widget elementor-widget-icon\" data-id=\"29d0c71\" data-element_type=\"widget\" data-e-type=\"widget\" data-widget_type=\"icon.default\">\n\t\t\t\t<div class=\"elementor-widget-container\">\n\t\t\t\t\t\t\t<div class=\"elementor-icon-wrapper\">\n\t\t\t<div class=\"elementor-icon\">\n\t\t\t\t\t\t\t<i class=\"fa fa-key\" aria-hidden=\"true\"><\/i>\n\t\t\t\t\t\t<\/div>\n\t\t<\/div>\n\t\t\t\t\t\t<\/div>\n\t\t\t\t<\/div>\n\t\t\t\t\t<\/div>\n\t\t<\/div>\n\t\t\t\t\t<\/div>\n\t\t<\/section>\n\t\t\t\t<section class=\"elementor-section elementor-top-section elementor-element elementor-element-b142e8f elementor-section-boxed elementor-section-height-default elementor-section-height-default\" data-id=\"b142e8f\" data-element_type=\"section\" data-e-type=\"section\">\n\t\t\t\t\t\t<div class=\"elementor-container elementor-column-gap-default\">\n\t\t\t\t\t<div class=\"elementor-column elementor-col-50 elementor-top-column elementor-element elementor-element-9fa4871\" data-id=\"9fa4871\" data-element_type=\"column\" data-e-type=\"column\">\n\t\t\t<div class=\"elementor-widget-wrap elementor-element-populated\">\n\t\t\t\t\t\t<div class=\"elementor-element elementor-element-be1761e elementor-widget elementor-widget-image\" data-id=\"be1761e\" data-element_type=\"widget\" data-e-type=\"widget\" data-widget_type=\"image.default\">\n\t\t\t\t<div class=\"elementor-widget-container\">\n\t\t\t\t\t\t\t\t\t\t\t\t<figure class=\"wp-caption\">\n\t\t\t\t\t\t\t\t\t\t\t<a href=\"http:\/\/www.sandrascoaching.ch\/?page_id=539\">\n\t\t\t\t\t\t\t<img decoding=\"async\" width=\"750\" height=\"563\" src=\"http:\/\/www.sandrascoaching.ch\/wp-content\/uploads\/2024\/07\/1000054812-1024x768.jpg\" class=\"attachment-large size-large wp-image-1287\" alt=\"\" srcset=\"http:\/\/www.sandrascoaching.ch\/wp-content\/uploads\/2024\/07\/1000054812-1024x768.jpg 1024w, http:\/\/www.sandrascoaching.ch\/wp-content\/uploads\/2024\/07\/1000054812-300x225.jpg 300w, http:\/\/www.sandrascoaching.ch\/wp-content\/uploads\/2024\/07\/1000054812-768x576.jpg 768w, http:\/\/www.sandrascoaching.ch\/wp-content\/uploads\/2024\/07\/1000054812-1536x1152.jpg 1536w, http:\/\/www.sandrascoaching.ch\/wp-content\/uploads\/2024\/07\/1000054812.jpg 2048w\" sizes=\"(max-width: 750px) 100vw, 750px\" \/>\t\t\t\t\t\t\t\t<\/a>\n\t\t\t\t\t\t\t\t\t\t\t<figcaption class=\"widget-image-caption wp-caption-text\">Pers\u00f6nlichkeitscoaching mit Pferd<\/figcaption>\n\t\t\t\t\t\t\t\t\t\t<\/figure>\n\t\t\t\t\t\t\t\t\t<\/div>\n\t\t\t\t<\/div>\n\t\t\t\t\t<\/div>\n\t\t<\/div>\n\t\t\t\t<div class=\"elementor-column elementor-col-50 elementor-top-column elementor-element elementor-element-8f8c5a6\" data-id=\"8f8c5a6\" data-element_type=\"column\" data-e-type=\"column\">\n\t\t\t<div class=\"elementor-widget-wrap elementor-element-populated\">\n\t\t\t\t\t\t<div class=\"elementor-element elementor-element-f38c4b1 elementor-widget elementor-widget-image\" data-id=\"f38c4b1\" data-element_type=\"widget\" data-e-type=\"widget\" data-widget_type=\"image.default\">\n\t\t\t\t<div class=\"elementor-widget-container\">\n\t\t\t\t\t\t\t\t\t\t\t\t<figure class=\"wp-caption\">\n\t\t\t\t\t\t\t\t\t\t\t<a href=\"http:\/\/www.sandrascoaching.ch\/?page_id=594\">\n\t\t\t\t\t\t\t<img decoding=\"async\" src=\"http:\/\/www.sandrascoaching.ch\/wp-content\/uploads\/elementor\/thumbs\/IMG-20190616-WA0006-o9i1b4mubhoz2dr7o73un0o8xcjfsfsfuh164m7a18.jpg\" title=\"IMG-20190616-WA0006\" alt=\"IMG-20190616-WA0006\" loading=\"lazy\" \/>\t\t\t\t\t\t\t\t<\/a>\n\t\t\t\t\t\t\t\t\t\t\t<figcaption class=\"widget-image-caption wp-caption-text\">F\u00fchrungscoaching mit Pferd<\/figcaption>\n\t\t\t\t\t\t\t\t\t\t<\/figure>\n\t\t\t\t\t\t\t\t\t<\/div>\n\t\t\t\t<\/div>\n\t\t\t\t\t<\/div>\n\t\t<\/div>\n\t\t\t\t\t<\/div>\n\t\t<\/section>\n\t\t\t\t<section class=\"elementor-section elementor-top-section elementor-element elementor-element-bf80ab2 elementor-section-boxed elementor-section-height-default elementor-section-height-default\" data-id=\"bf80ab2\" data-element_type=\"section\" data-e-type=\"section\">\n\t\t\t\t\t\t<div class=\"elementor-container elementor-column-gap-default\">\n\t\t\t\t\t<div class=\"elementor-column elementor-col-100 elementor-top-column elementor-element elementor-element-79171f7\" data-id=\"79171f7\" data-element_type=\"column\" data-e-type=\"column\">\n\t\t\t<div class=\"elementor-widget-wrap elementor-element-populated\">\n\t\t\t\t\t\t<div class=\"elementor-element elementor-element-127270c elementor-widget elementor-widget-heading\" data-id=\"127270c\" data-element_type=\"widget\" data-e-type=\"widget\" data-widget_type=\"heading.default\">\n\t\t\t\t<div class=\"elementor-widget-container\">\n\t\t\t\t\t<h2 class=\"elementor-heading-title elementor-size-default\"><br><br><br>Egal ob Privat oder Gesch\u00e4ftlich!\n<br>\nHol dir deinen PS Booster<br> f\u00fcr deine Entwicklung<br><br><br>Jetzt mit Flyer verg\u00fcnstigte Preise!<\/h2>\t\t\t\t<\/div>\n\t\t\t\t<\/div>\n\t\t\t\t<div class=\"elementor-element elementor-element-13e4ee5 elementor-widget elementor-widget-image\" data-id=\"13e4ee5\" data-element_type=\"widget\" data-e-type=\"widget\" data-widget_type=\"image.default\">\n\t\t\t\t<div class=\"elementor-widget-container\">\n\t\t\t\t\t\t\t\t\t\t\t\t\t\t\t<img decoding=\"async\" width=\"750\" height=\"750\" src=\"http:\/\/www.sandrascoaching.ch\/wp-content\/uploads\/2025\/01\/20250105_122454-1024x1024.jpg\" class=\"attachment-large size-large wp-image-1453\" alt=\"\" srcset=\"http:\/\/www.sandrascoaching.ch\/wp-content\/uploads\/2025\/01\/20250105_122454-1024x1024.jpg 1024w, http:\/\/www.sandrascoaching.ch\/wp-content\/uploads\/2025\/01\/20250105_122454-300x300.jpg 300w, http:\/\/www.sandrascoaching.ch\/wp-content\/uploads\/2025\/01\/20250105_122454-150x150.jpg 150w, http:\/\/www.sandrascoaching.ch\/wp-content\/uploads\/2025\/01\/20250105_122454-768x768.jpg 768w, http:\/\/www.sandrascoaching.ch\/wp-content\/uploads\/2025\/01\/20250105_122454-1536x1536.jpg 1536w, http:\/\/www.sandrascoaching.ch\/wp-content\/uploads\/2025\/01\/20250105_122454-2048x2048.jpg 2048w\" sizes=\"(max-width: 750px) 100vw, 750px\" \/>\t\t\t\t\t\t\t\t\t\t\t\t\t\t\t<\/div>\n\t\t\t\t<\/div>\n\t\t\t\t\t<\/div>\n\t\t<\/div>\n\t\t\t\t\t<\/div>\n\t\t<\/section>\n\t\t\t\t<\/div>\n\t\t","protected":false},"excerpt":{"rendered":"<p>Mit Pferdest\u00e4rke schneller am Ziel Kennst du diese Menschen, die scheinbar immer Gl\u00fcck haben, dennen alles leicht f\u00e4llt und die durch ihre dauer gute Laune auffallend aus der Reihe tanzen? Sie sind beruflich total erfolgreich, haben f\u00fcr alles eine L\u00f6sung und sehen dabei auch noch gut aus? Und Tr\u00e4ume erf\u00fcllen [&hellip;]<\/p>\n","protected":false},"author":1,"featured_media":0,"parent":0,"menu_order":0,"comment_status":"closed","ping_status":"closed","template":"","meta":{"_exactmetrics_skip_tracking":false,"_exactmetrics_sitenote_active":false,"_exactmetrics_sitenote_note":"","_exactmetrics_sitenote_category":0,"footnotes":""},"_links":{"self":[{"href":"http:\/\/www.sandrascoaching.ch\/index.php?rest_route=\/wp\/v2\/pages\/246"}],"collection":[{"href":"http:\/\/www.sandrascoaching.ch\/index.php?rest_route=\/wp\/v2\/pages"}],"about":[{"href":"http:\/\/www.sandrascoaching.ch\/index.php?rest_route=\/wp\/v2\/types\/page"}],"author":[{"embeddable":true,"href":"http:\/\/www.sandrascoaching.ch\/index.php?rest_route=\/wp\/v2\/users\/1"}],"replies":[{"embeddable":true,"href":"http:\/\/www.sandrascoaching.ch\/index.php?rest_route=%2Fwp%2Fv2%2Fcomments&post=246"}],"version-history":[{"count":74,"href":"http:\/\/www.sandrascoaching.ch\/index.php?rest_route=\/wp\/v2\/pages\/246\/revisions"}],"predecessor-version":[{"id":1459,"href":"http:\/\/www.sandrascoaching.ch\/index.php?rest_route=\/wp\/v2\/pages\/246\/revisions\/1459"}],"wp:attachment":[{"href":"http:\/\/www.sandrascoaching.ch\/index.php?rest_route=%2Fwp%2Fv2%2Fmedia&parent=246"}],"curies":[{"name":"wp","href":"https:\/\/api.w.org\/{rel}","templated":true}]}}