{"id":63,"date":"2018-12-16T13:28:10","date_gmt":"2018-12-16T13:28:10","guid":{"rendered":"http:\/\/www.sandrascoaching.ch\/?page_id=63"},"modified":"2025-01-05T12:28:01","modified_gmt":"2025-01-05T12:28:01","slug":"ueber-mich","status":"publish","type":"page","link":"http:\/\/www.sandrascoaching.ch\/?page_id=63","title":{"rendered":"Wer sind wir"},"content":{"rendered":"\t\t<div data-elementor-type=\"wp-post\" data-elementor-id=\"63\" class=\"elementor elementor-63\">\n\t\t\t\t\t\t<section class=\"elementor-section elementor-top-section elementor-element elementor-element-2a67adc3 elementor-section-boxed elementor-section-height-default elementor-section-height-default\" data-id=\"2a67adc3\" data-element_type=\"section\" data-e-type=\"section\">\n\t\t\t\t\t\t<div class=\"elementor-container elementor-column-gap-default\">\n\t\t\t\t\t<div class=\"elementor-column elementor-col-100 elementor-top-column elementor-element elementor-element-1292727\" data-id=\"1292727\" data-element_type=\"column\" data-e-type=\"column\">\n\t\t\t<div class=\"elementor-widget-wrap elementor-element-populated\">\n\t\t\t\t\t\t<div class=\"elementor-element elementor-element-606acc3 elementor-widget elementor-widget-text-editor\" data-id=\"606acc3\" data-element_type=\"widget\" data-e-type=\"widget\" data-widget_type=\"text-editor.default\">\n\t\t\t\t<div class=\"elementor-widget-container\">\n\t\t\t\t\t\t\t\t\t<p>Gerne stelle wir uns hier vor<\/p>\t\t\t\t\t\t\t\t<\/div>\n\t\t\t\t<\/div>\n\t\t\t\t<section class=\"elementor-section elementor-inner-section elementor-element elementor-element-67b34ab elementor-section-boxed elementor-section-height-default elementor-section-height-default\" data-id=\"67b34ab\" data-element_type=\"section\" data-e-type=\"section\">\n\t\t\t\t\t\t<div class=\"elementor-container elementor-column-gap-default\">\n\t\t\t\t\t<div class=\"elementor-column elementor-col-50 elementor-inner-column elementor-element elementor-element-14c127e\" data-id=\"14c127e\" data-element_type=\"column\" data-e-type=\"column\">\n\t\t\t<div class=\"elementor-widget-wrap elementor-element-populated\">\n\t\t\t\t\t\t<div class=\"elementor-element elementor-element-40a7d79 elementor-widget elementor-widget-image\" data-id=\"40a7d79\" data-element_type=\"widget\" data-e-type=\"widget\" data-widget_type=\"image.default\">\n\t\t\t\t<div class=\"elementor-widget-container\">\n\t\t\t\t\t\t\t\t\t\t\t\t\t\t\t<img decoding=\"async\" src=\"http:\/\/www.sandrascoaching.ch\/wp-content\/uploads\/elementor\/thumbs\/IMG-20210504-WA0024-qs4mxftwcz68ftyd69ib09n08uwt6qk4jjiuwxly0m.jpg\" title=\"IMG-20210504-WA0024\" alt=\"IMG-20210504-WA0024\" loading=\"lazy\" \/>\t\t\t\t\t\t\t\t\t\t\t\t\t\t\t<\/div>\n\t\t\t\t<\/div>\n\t\t\t\t<div class=\"elementor-element elementor-element-012c53c elementor-widget elementor-widget-text-editor\" data-id=\"012c53c\" data-element_type=\"widget\" data-e-type=\"widget\" data-widget_type=\"text-editor.default\">\n\t\t\t\t<div class=\"elementor-widget-container\">\n\t\t\t\t\t\t\t\t\t<p>Sali ich bin Sandra die Tierrettungsfahrerein und dein Coach.<\/p>\n<p>Meine Arbeit ist meine Leidenschaft und daher mache ich das zu 100% gerne unter der Woche. <\/p>\n<p>Seit einigen Jahren, dreht sich in meinem Leben alles um Tiere und ich darf sagen, dass ich damit meine Leidenschaft zum Beruf machen konnte. <\/p>\n<p>Als gelernte Kaufm\u00e4nnische Angestellte war ich lange im Irrglauben unterwegs, dass ich es mit dieser Ausbildung mein Leben lang toll haben werde. Das war auch so, jedesmal nach dem ich meinen Job gewechselt hatte. Ich kann dir gar nicht sagen wie oft, das war. Wirklich gl\u00fccklich und erf\u00fcllt habe ich mich dabei nie gef\u00fchlt.<br><\/p>\n<p>Der Wunsch mit Tieren arbeiten zu k\u00f6nnen war mein absolut gr\u00f6sster Traum in meinem Leben. Und mit einem Helfersyndrom ausgestattet hat mich das Universum nach ein paar J\u00e4hrchen der Selbstfindung zum Tierrettungsdienst gebracht. F\u00fcr mich der ultimativ geilste Job dens \u00fcberhaupt gibt. <\/p>\n<p>Ich habe in den Jahren der Selbstfindung aber auch im Coachingbereich viele Werkzeuge kennen gelernt, die es mir erst erm\u00f6glicht haben, dort anzukommen wo ich jetzt bin. <\/p>\n<p>Und weill ich weiss, wie effizient die Sein k\u00f6nnen und dass es da drausen viele Menschen gibt, die Ihr Leben nicht so leben, wie sie sich das w\u00fcnschen, habe ich mich entschieden mit meinem besten Partner dieses Angebot zu schaffen. <\/p>\n<p>Er hat mich vieles gelehrt und zusammen m\u00f6chten wir dir helfen, dort wo du oder dein Tier es braucht.<br><\/p>\t\t\t\t\t\t\t\t<\/div>\n\t\t\t\t<\/div>\n\t\t\t\t\t<\/div>\n\t\t<\/div>\n\t\t\t\t<div class=\"elementor-column elementor-col-50 elementor-inner-column elementor-element elementor-element-e5f0ed3\" data-id=\"e5f0ed3\" data-element_type=\"column\" data-e-type=\"column\">\n\t\t\t<div class=\"elementor-widget-wrap elementor-element-populated\">\n\t\t\t\t\t\t<div class=\"elementor-element elementor-element-75c89a4 elementor-widget elementor-widget-image\" data-id=\"75c89a4\" data-element_type=\"widget\" data-e-type=\"widget\" data-widget_type=\"image.default\">\n\t\t\t\t<div class=\"elementor-widget-container\">\n\t\t\t\t\t\t\t\t\t\t\t\t\t\t\t<img decoding=\"async\" src=\"http:\/\/www.sandrascoaching.ch\/wp-content\/uploads\/2024\/07\/1000055053.jpg\" title=\"1000055053\" alt=\"1000055053\" loading=\"lazy\" \/>\t\t\t\t\t\t\t\t\t\t\t\t\t\t\t<\/div>\n\t\t\t\t<\/div>\n\t\t\t\t<div class=\"elementor-element elementor-element-02c2f95 elementor-widget elementor-widget-text-editor\" data-id=\"02c2f95\" data-element_type=\"widget\" data-e-type=\"widget\" data-widget_type=\"text-editor.default\">\n\t\t\t\t<div class=\"elementor-widget-container\">\n\t\t\t\t\t\t\t\t\t<p>Hell\u00f6uuu ich bin Henry &#8211;<br>dein 4 Beiniger Coach.<\/p>\n<p>Ich \u00fcbernehme da wo meine Mami nicht ganz so schnell drauf kommt. Ich zeige Blockaden an, und spiegle dein Inneres.<br>Meine Mam \u00fcbernimmt die Aufkl\u00e4rungsarbeit und stellt die besten Fragen, dass garantier ich dir. <\/p>\n<p>Was gibts zu mir zu sagen?<\/p>\n<p>Ich bin n stattlicher Hackney Pony Mann, der gerne Keckse mag. <\/p>\n<p>Naja, eine Ausbildung in diesem Sinne hats bei mir nicht gebraucht. Ich war schon immer gut Talentiert. <\/p>\n<p>Erzogen bin ich gut, lieb, sehr klever und feinf\u00fchlig sagt meine Mami. <\/p>\n<p>Durch meine Charmante Art krieg ich oft schnellen Zugang zu den Menschen.&nbsp;<\/p><p>Ich mag Meschen aller Art und wen sie mir n Kecks geben, dann freu ich mich um so mehr. So einfach ist das eben.<\/p><p>Ich hab meiner Mam schon viel bei bringen k\u00f6nnen und durch die Ausbildung geholfen. Zusammen sind wir echt stark. Ich werd krank, sie lernt was dabei und kann damit dan auch anderen helfen. Toll denkt man sich da, aber ist hald so. Somit haben alle meine Geberchen auch etwas Gutes. <br><\/p><p>Und wir lernen zusammen immer wieder Neues dazu. Das wirst du auch noch merken. Joa das wars mal so von meiner Seite. Bis die Tage.<br><\/p>\n<p><\/p>&nbsp;\t\t\t\t\t\t\t\t<\/div>\n\t\t\t\t<\/div>\n\t\t\t\t\t<\/div>\n\t\t<\/div>\n\t\t\t\t\t<\/div>\n\t\t<\/section>\n\t\t\t\t<div class=\"elementor-element elementor-element-55375e6c elementor-widget elementor-widget-text-editor\" data-id=\"55375e6c\" data-element_type=\"widget\" data-e-type=\"widget\" data-widget_type=\"text-editor.default\">\n\t\t\t\t<div class=\"elementor-widget-container\">\n\t\t\t\t\t\t\t\t\t<p><span style=\"color: #7f6100;\"><\/span><\/p>\n<p><span style=\"color: #7f6100;\">Wir sind wirklich der Meinung das Herzensaufgaben zum erf\u00fcllen da sind.<br><\/span><\/p>\n<p><span style=\"color: #7f6100;\"><\/span><\/p>\n<p><span style=\"color: #7f6100;\"><\/span><\/p>\n<div><br><\/div>\n<div>Doch brauchtes f\u00fcr alles auch eine gute Ausbildungen &#8211; zumindest f\u00fcr die 2 Beiner unter uns \ud83d\ude09 <br><\/div>\n<p><\/p>\n<p><\/p>\n<p><\/p>\t\t\t\t\t\t\t\t<\/div>\n\t\t\t\t<\/div>\n\t\t\t\t\t<\/div>\n\t\t<\/div>\n\t\t\t\t\t<\/div>\n\t\t<\/section>\n\t\t\t\t<section class=\"elementor-section elementor-top-section elementor-element elementor-element-f9c7cf7 elementor-section-boxed elementor-section-height-default elementor-section-height-default\" data-id=\"f9c7cf7\" data-element_type=\"section\" data-e-type=\"section\">\n\t\t\t\t\t\t<div class=\"elementor-container elementor-column-gap-default\">\n\t\t\t\t\t<div class=\"elementor-column elementor-col-100 elementor-top-column elementor-element elementor-element-51cf505\" data-id=\"51cf505\" data-element_type=\"column\" data-e-type=\"column\">\n\t\t\t<div class=\"elementor-widget-wrap elementor-element-populated\">\n\t\t\t\t\t\t<div class=\"elementor-element elementor-element-13e2478 elementor-widget-divider--view-line elementor-widget elementor-widget-divider\" data-id=\"13e2478\" data-element_type=\"widget\" data-e-type=\"widget\" data-widget_type=\"divider.default\">\n\t\t\t\t<div class=\"elementor-widget-container\">\n\t\t\t\t\t\t\t<div class=\"elementor-divider\">\n\t\t\t<span class=\"elementor-divider-separator\">\n\t\t\t\t\t\t<\/span>\n\t\t<\/div>\n\t\t\t\t\t\t<\/div>\n\t\t\t\t<\/div>\n\t\t\t\t\t<\/div>\n\t\t<\/div>\n\t\t\t\t\t<\/div>\n\t\t<\/section>\n\t\t\t\t<section class=\"elementor-section elementor-top-section elementor-element elementor-element-175ace2 elementor-section-boxed elementor-section-height-default elementor-section-height-default\" data-id=\"175ace2\" data-element_type=\"section\" data-e-type=\"section\">\n\t\t\t\t\t\t<div class=\"elementor-container elementor-column-gap-default\">\n\t\t\t\t\t<div class=\"elementor-column elementor-col-100 elementor-top-column elementor-element elementor-element-b68f9e7\" data-id=\"b68f9e7\" data-element_type=\"column\" data-e-type=\"column\">\n\t\t\t<div class=\"elementor-widget-wrap elementor-element-populated\">\n\t\t\t\t\t\t<div class=\"elementor-element elementor-element-ae906dd elementor-view-default elementor-position-block-start elementor-mobile-position-block-start elementor-widget elementor-widget-icon-box\" data-id=\"ae906dd\" data-element_type=\"widget\" data-e-type=\"widget\" data-widget_type=\"icon-box.default\">\n\t\t\t\t<div class=\"elementor-widget-container\">\n\t\t\t\t\t\t\t<div class=\"elementor-icon-box-wrapper\">\n\n\t\t\t\t\t\t<div class=\"elementor-icon-box-icon\">\n\t\t\t\t<span  class=\"elementor-icon\">\n\t\t\t\t<i class=\"fa fa-lightbulb-o\" aria-hidden=\"true\"><\/i>\t\t\t\t<\/span>\n\t\t\t<\/div>\n\t\t\t\n\t\t\t\t\t\t<div class=\"elementor-icon-box-content\">\n\n\t\t\t\t\t\t\t\t\t<h3 class=\"elementor-icon-box-title\">\n\t\t\t\t\t\t<span  >\n\t\t\t\t\t\t\tMeine Ausbildungen\t\t\t\t\t\t<\/span>\n\t\t\t\t\t<\/h3>\n\t\t\t\t\n\t\t\t\t\n\t\t\t<\/div>\n\t\t\t\n\t\t<\/div>\n\t\t\t\t\t\t<\/div>\n\t\t\t\t<\/div>\n\t\t\t\t\t<\/div>\n\t\t<\/div>\n\t\t\t\t\t<\/div>\n\t\t<\/section>\n\t\t\t\t<section class=\"elementor-section elementor-top-section elementor-element elementor-element-fd3603f elementor-section-boxed elementor-section-height-default elementor-section-height-default\" data-id=\"fd3603f\" data-element_type=\"section\" data-e-type=\"section\">\n\t\t\t\t\t\t<div class=\"elementor-container elementor-column-gap-default\">\n\t\t\t\t\t<div class=\"elementor-column elementor-col-100 elementor-top-column elementor-element elementor-element-16d128b\" data-id=\"16d128b\" data-element_type=\"column\" data-e-type=\"column\">\n\t\t\t<div class=\"elementor-widget-wrap elementor-element-populated\">\n\t\t\t\t\t\t<div class=\"elementor-element elementor-element-1d77e80 elementor-icon-list--layout-traditional elementor-list-item-link-full_width elementor-widget elementor-widget-icon-list\" data-id=\"1d77e80\" data-element_type=\"widget\" data-e-type=\"widget\" data-widget_type=\"icon-list.default\">\n\t\t\t\t<div class=\"elementor-widget-container\">\n\t\t\t\t\t\t\t<ul class=\"elementor-icon-list-items\">\n\t\t\t\t\t\t\t<li class=\"elementor-icon-list-item\">\n\t\t\t\t\t\t\t\t\t\t\t<span class=\"elementor-icon-list-icon\">\n\t\t\t\t\t\t\t<i aria-hidden=\"true\" class=\"fas fa-adjust\"><\/i>\t\t\t\t\t\t<\/span>\n\t\t\t\t\t\t\t\t\t\t<span class=\"elementor-icon-list-text\">18\/19 Ausbildung Pferdeverhaltenstherapie am Institut f\u00fcr Tierheilkunde - Abschlusspr\u00fcfungen Oktober 19<\/span>\n\t\t\t\t\t\t\t\t\t<\/li>\n\t\t\t\t\t\t\t\t<li class=\"elementor-icon-list-item\">\n\t\t\t\t\t\t\t\t\t\t\t<span class=\"elementor-icon-list-icon\">\n\t\t\t\t\t\t\t<i aria-hidden=\"true\" class=\"fas fa-plus\"><\/i>\t\t\t\t\t\t<\/span>\n\t\t\t\t\t\t\t\t\t\t<span class=\"elementor-icon-list-text\">2018 Ausbildung zur Tierkommunikatorin<\/span>\n\t\t\t\t\t\t\t\t\t<\/li>\n\t\t\t\t\t\t\t\t<li class=\"elementor-icon-list-item\">\n\t\t\t\t\t\t\t\t\t\t\t<span class=\"elementor-icon-list-icon\">\n\t\t\t\t\t\t\t<i aria-hidden=\"true\" class=\"fas fa-plus-circle\"><\/i>\t\t\t\t\t\t<\/span>\n\t\t\t\t\t\t\t\t\t\t<span class=\"elementor-icon-list-text\">2016 Ausbildung zum zertifizierten systemischen Coach mit Pferd CAF<\/span>\n\t\t\t\t\t\t\t\t\t<\/li>\n\t\t\t\t\t\t<\/ul>\n\t\t\t\t\t\t<\/div>\n\t\t\t\t<\/div>\n\t\t\t\t\t<\/div>\n\t\t<\/div>\n\t\t\t\t\t<\/div>\n\t\t<\/section>\n\t\t\t\t<\/div>\n\t\t","protected":false},"excerpt":{"rendered":"<p>Gerne stelle wir uns hier vor Sali ich bin Sandra die Tierrettungsfahrerein und dein Coach. Meine Arbeit ist meine Leidenschaft und daher mache ich das zu 100% gerne unter der Woche. Seit einigen Jahren, dreht sich in meinem Leben alles um Tiere und ich darf sagen, dass ich damit meine [&hellip;]<\/p>\n","protected":false},"author":1,"featured_media":0,"parent":0,"menu_order":0,"comment_status":"closed","ping_status":"closed","template":"","meta":{"_exactmetrics_skip_tracking":false,"_exactmetrics_sitenote_active":false,"_exactmetrics_sitenote_note":"","_exactmetrics_sitenote_category":0,"footnotes":""},"_links":{"self":[{"href":"http:\/\/www.sandrascoaching.ch\/index.php?rest_route=\/wp\/v2\/pages\/63"}],"collection":[{"href":"http:\/\/www.sandrascoaching.ch\/index.php?rest_route=\/wp\/v2\/pages"}],"about":[{"href":"http:\/\/www.sandrascoaching.ch\/index.php?rest_route=\/wp\/v2\/types\/page"}],"author":[{"embeddable":true,"href":"http:\/\/www.sandrascoaching.ch\/index.php?rest_route=\/wp\/v2\/users\/1"}],"replies":[{"embeddable":true,"href":"http:\/\/www.sandrascoaching.ch\/index.php?rest_route=%2Fwp%2Fv2%2Fcomments&post=63"}],"version-history":[{"count":35,"href":"http:\/\/www.sandrascoaching.ch\/index.php?rest_route=\/wp\/v2\/pages\/63\/revisions"}],"predecessor-version":[{"id":1483,"href":"http:\/\/www.sandrascoaching.ch\/index.php?rest_route=\/wp\/v2\/pages\/63\/revisions\/1483"}],"wp:attachment":[{"href":"http:\/\/www.sandrascoaching.ch\/index.php?rest_route=%2Fwp%2Fv2%2Fmedia&parent=63"}],"curies":[{"name":"wp","href":"https:\/\/api.w.org\/{rel}","templated":true}]}}