{"id":787,"date":"2019-11-29T07:48:25","date_gmt":"2019-11-29T07:48:25","guid":{"rendered":"http:\/\/www.sandrascoaching.ch\/?page_id=787"},"modified":"2024-07-25T20:04:11","modified_gmt":"2024-07-25T20:04:11","slug":"tue-gutes-fuer-dein-pferd-coaching","status":"publish","type":"page","link":"http:\/\/www.sandrascoaching.ch\/?page_id=787","title":{"rendered":"Tue Gutes f\u00fcr dein Pferd Coaching"},"content":{"rendered":"\t\t<div data-elementor-type=\"wp-page\" data-elementor-id=\"787\" class=\"elementor elementor-787\">\n\t\t\t\t\t\t<section class=\"elementor-section elementor-top-section elementor-element elementor-element-403ba1c elementor-section-boxed elementor-section-height-default elementor-section-height-default\" data-id=\"403ba1c\" data-element_type=\"section\" data-e-type=\"section\">\n\t\t\t\t\t\t<div class=\"elementor-container elementor-column-gap-default\">\n\t\t\t\t\t<div class=\"elementor-column elementor-col-100 elementor-top-column elementor-element elementor-element-c7fb212\" data-id=\"c7fb212\" data-element_type=\"column\" data-e-type=\"column\">\n\t\t\t<div class=\"elementor-widget-wrap elementor-element-populated\">\n\t\t\t\t\t\t<div class=\"elementor-element elementor-element-92c9299 elementor-widget elementor-widget-heading\" data-id=\"92c9299\" data-element_type=\"widget\" data-e-type=\"widget\" data-widget_type=\"heading.default\">\n\t\t\t\t<div class=\"elementor-widget-container\">\n\t\t\t\t\t<h2 class=\"elementor-heading-title elementor-size-default\">Tue gutes f\u00fcr dein Pferd Coaching<\/h2>\t\t\t\t<\/div>\n\t\t\t\t<\/div>\n\t\t\t\t\t<\/div>\n\t\t<\/div>\n\t\t\t\t\t<\/div>\n\t\t<\/section>\n\t\t\t\t<section class=\"elementor-section elementor-top-section elementor-element elementor-element-f6008b0 elementor-section-boxed elementor-section-height-default elementor-section-height-default\" data-id=\"f6008b0\" data-element_type=\"section\" data-e-type=\"section\">\n\t\t\t\t\t\t<div class=\"elementor-container elementor-column-gap-default\">\n\t\t\t\t\t<div class=\"elementor-column elementor-col-100 elementor-top-column elementor-element elementor-element-1c65c1a\" data-id=\"1c65c1a\" data-element_type=\"column\" data-e-type=\"column\">\n\t\t\t<div class=\"elementor-widget-wrap elementor-element-populated\">\n\t\t\t\t\t\t<div class=\"elementor-element elementor-element-abe6f2a elementor-widget elementor-widget-text-editor\" data-id=\"abe6f2a\" data-element_type=\"widget\" data-e-type=\"widget\" data-widget_type=\"text-editor.default\">\n\t\t\t\t<div class=\"elementor-widget-container\">\n\t\t\t\t\t\t\t\t\t<p>\u00dcberlegst du dir auch oft, was du deinem Pferd noch Gutes tun k\u00f6nntest? Doch dir fehlen die Ideen? Futter passt, Wasser hat er auch, mit den Leckerli hast du den Geschmack deinens Pferdes exellent getroffen und doch hast du ab und an das Bed\u00fcrfniss deinem Pferd noch mehr Gutes zu tun?<\/p>\t\t\t\t\t\t\t\t<\/div>\n\t\t\t\t<\/div>\n\t\t\t\t\t<\/div>\n\t\t<\/div>\n\t\t\t\t\t<\/div>\n\t\t<\/section>\n\t\t\t\t<section class=\"elementor-section elementor-top-section elementor-element elementor-element-713bfb6 elementor-section-boxed elementor-section-height-default elementor-section-height-default\" data-id=\"713bfb6\" data-element_type=\"section\" data-e-type=\"section\">\n\t\t\t\t\t\t<div class=\"elementor-container elementor-column-gap-default\">\n\t\t\t\t\t<div class=\"elementor-column elementor-col-100 elementor-top-column elementor-element elementor-element-6aa55fc\" data-id=\"6aa55fc\" data-element_type=\"column\" data-e-type=\"column\">\n\t\t\t<div class=\"elementor-widget-wrap elementor-element-populated\">\n\t\t\t\t\t\t<div class=\"elementor-element elementor-element-2acef8a elementor-position-top elementor-widget elementor-widget-image-box\" data-id=\"2acef8a\" data-element_type=\"widget\" data-e-type=\"widget\" data-widget_type=\"image-box.default\">\n\t\t\t\t<div class=\"elementor-widget-container\">\n\t\t\t\t\t<div class=\"elementor-image-box-wrapper\"><figure class=\"elementor-image-box-img\"><img fetchpriority=\"high\" decoding=\"async\" width=\"750\" height=\"818\" src=\"http:\/\/www.sandrascoaching.ch\/wp-content\/uploads\/2019\/07\/PSX_20190707_123507-939x1024.jpg\" class=\"attachment-large size-large wp-image-608\" alt=\"\" srcset=\"http:\/\/www.sandrascoaching.ch\/wp-content\/uploads\/2019\/07\/PSX_20190707_123507-939x1024.jpg 939w, http:\/\/www.sandrascoaching.ch\/wp-content\/uploads\/2019\/07\/PSX_20190707_123507-275x300.jpg 275w, http:\/\/www.sandrascoaching.ch\/wp-content\/uploads\/2019\/07\/PSX_20190707_123507-768x837.jpg 768w\" sizes=\"(max-width: 750px) 100vw, 750px\" \/><\/figure><div class=\"elementor-image-box-content\"><h3 class=\"elementor-image-box-title\">Damit dein Pferd mehr l\u00e4cheln kann<\/h3><\/div><\/div>\t\t\t\t<\/div>\n\t\t\t\t<\/div>\n\t\t\t\t\t<\/div>\n\t\t<\/div>\n\t\t\t\t\t<\/div>\n\t\t<\/section>\n\t\t\t\t<section class=\"elementor-section elementor-top-section elementor-element elementor-element-d95eaa0 elementor-section-boxed elementor-section-height-default elementor-section-height-default\" data-id=\"d95eaa0\" data-element_type=\"section\" data-e-type=\"section\">\n\t\t\t\t\t\t<div class=\"elementor-container elementor-column-gap-default\">\n\t\t\t\t\t<div class=\"elementor-column elementor-col-100 elementor-top-column elementor-element elementor-element-17449b1\" data-id=\"17449b1\" data-element_type=\"column\" data-e-type=\"column\">\n\t\t\t<div class=\"elementor-widget-wrap elementor-element-populated\">\n\t\t\t\t\t\t<div class=\"elementor-element elementor-element-3ed8b5d elementor-widget elementor-widget-text-editor\" data-id=\"3ed8b5d\" data-element_type=\"widget\" data-e-type=\"widget\" data-widget_type=\"text-editor.default\">\n\t\t\t\t<div class=\"elementor-widget-container\">\n\t\t\t\t\t\t\t\t\t<p>In diesem Coaching erf\u00e4hrst du, wie du deinem Pferd aktiv zu mehr Wohlbefinden verhelfen kannst. Ich zeige dir, mit welchen \u00dcbungen du am Pferd aktive das k\u00f6rperliche und Mentale Befinden positiv beeinflussen und es somit auch mobilisieren kannst.<\/p><p>Die positiven Nebeneffekte dieses Coachings sind, dass du somit automatisch auch:<br><\/p>\t\t\t\t\t\t\t\t<\/div>\n\t\t\t\t<\/div>\n\t\t\t\t\t<\/div>\n\t\t<\/div>\n\t\t\t\t\t<\/div>\n\t\t<\/section>\n\t\t\t\t<section class=\"elementor-section elementor-top-section elementor-element elementor-element-b5d707a elementor-section-boxed elementor-section-height-default elementor-section-height-default\" data-id=\"b5d707a\" data-element_type=\"section\" data-e-type=\"section\">\n\t\t\t\t\t\t<div class=\"elementor-container elementor-column-gap-default\">\n\t\t\t\t\t<div class=\"elementor-column elementor-col-100 elementor-top-column elementor-element elementor-element-3a21526\" data-id=\"3a21526\" data-element_type=\"column\" data-e-type=\"column\">\n\t\t\t<div class=\"elementor-widget-wrap elementor-element-populated\">\n\t\t\t\t\t\t<div class=\"elementor-element elementor-element-c22d583 elementor-icon-list--layout-traditional elementor-list-item-link-full_width elementor-widget elementor-widget-icon-list\" data-id=\"c22d583\" data-element_type=\"widget\" data-e-type=\"widget\" data-widget_type=\"icon-list.default\">\n\t\t\t\t<div class=\"elementor-widget-container\">\n\t\t\t\t\t\t\t<ul class=\"elementor-icon-list-items\">\n\t\t\t\t\t\t\t<li class=\"elementor-icon-list-item\">\n\t\t\t\t\t\t\t\t\t\t\t<span class=\"elementor-icon-list-icon\">\n\t\t\t\t\t\t\t<i aria-hidden=\"true\" class=\"fas fa-check\"><\/i>\t\t\t\t\t\t<\/span>\n\t\t\t\t\t\t\t\t\t\t<span class=\"elementor-icon-list-text\">die Beweglichkeit und somit die Biomachanik deines Pferdes positiv beeinflusst<\/span>\n\t\t\t\t\t\t\t\t\t<\/li>\n\t\t\t\t\t\t\t\t<li class=\"elementor-icon-list-item\">\n\t\t\t\t\t\t\t\t\t\t\t<span class=\"elementor-icon-list-icon\">\n\t\t\t\t\t\t\t<i aria-hidden=\"true\" class=\"fas fa-thumbs-up\"><\/i>\t\t\t\t\t\t<\/span>\n\t\t\t\t\t\t\t\t\t\t<span class=\"elementor-icon-list-text\">du den Pferdek\u00f6rper automatisch besser kennen lernst und Bewusster wahrnehmen kannst<\/span>\n\t\t\t\t\t\t\t\t\t<\/li>\n\t\t\t\t\t\t\t\t<li class=\"elementor-icon-list-item\">\n\t\t\t\t\t\t\t\t\t\t\t<span class=\"elementor-icon-list-icon\">\n\t\t\t\t\t\t\t<i aria-hidden=\"true\" class=\"fas fa-horse\"><\/i>\t\t\t\t\t\t<\/span>\n\t\t\t\t\t\t\t\t\t\t<span class=\"elementor-icon-list-text\">sich die Beziehung zu deinem Pferd nochmals intensivieren wird<\/span>\n\t\t\t\t\t\t\t\t\t<\/li>\n\t\t\t\t\t\t<\/ul>\n\t\t\t\t\t\t<\/div>\n\t\t\t\t<\/div>\n\t\t\t\t\t<\/div>\n\t\t<\/div>\n\t\t\t\t\t<\/div>\n\t\t<\/section>\n\t\t\t\t<section class=\"elementor-section elementor-top-section elementor-element elementor-element-86898e2 elementor-section-boxed elementor-section-height-default elementor-section-height-default\" data-id=\"86898e2\" data-element_type=\"section\" data-e-type=\"section\">\n\t\t\t\t\t\t<div class=\"elementor-container elementor-column-gap-default\">\n\t\t\t\t\t<div class=\"elementor-column elementor-col-100 elementor-top-column elementor-element elementor-element-417133d\" data-id=\"417133d\" data-element_type=\"column\" data-e-type=\"column\">\n\t\t\t<div class=\"elementor-widget-wrap elementor-element-populated\">\n\t\t\t\t\t\t<div class=\"elementor-element elementor-element-a5e4fb9 elementor-widget elementor-widget-text-editor\" data-id=\"a5e4fb9\" data-element_type=\"widget\" data-e-type=\"widget\" data-widget_type=\"text-editor.default\">\n\t\t\t\t<div class=\"elementor-widget-container\">\n\t\t\t\t\t\t\t\t\t<p>Voraussetzungen daf\u00fcr sind, dass dein Pferd gesund ist und keine akkuten Schmerzen aufweisst.<\/p><p>Bist du bereit, dir neue Inputs f\u00fcr dein Pferd zu kreieren?<\/p><p>Dann ist jetzt der richtige Zeitpunkt, um dir dieses Coaching f\u00fcr das Gute f\u00fcr dein Pferd zu holen. <\/p><p>Dieses Terminanfragen beanworte ich gerne telefonisch auf 079 366 11 52<\/p>\t\t\t\t\t\t\t\t<\/div>\n\t\t\t\t<\/div>\n\t\t\t\t\t<\/div>\n\t\t<\/div>\n\t\t\t\t\t<\/div>\n\t\t<\/section>\n\t\t\t\t<\/div>\n\t\t","protected":false},"excerpt":{"rendered":"<p>Tue gutes f\u00fcr dein Pferd Coaching \u00dcberlegst du dir auch oft, was du deinem Pferd noch Gutes tun k\u00f6nntest? Doch dir fehlen die Ideen? Futter passt, Wasser hat er auch, mit den Leckerli hast du den Geschmack deinens Pferdes exellent getroffen und doch hast du ab und an das Bed\u00fcrfniss [&hellip;]<\/p>\n","protected":false},"author":1,"featured_media":0,"parent":0,"menu_order":0,"comment_status":"closed","ping_status":"closed","template":"","meta":{"_exactmetrics_skip_tracking":false,"_exactmetrics_sitenote_active":false,"_exactmetrics_sitenote_note":"","_exactmetrics_sitenote_category":0,"footnotes":""},"_links":{"self":[{"href":"http:\/\/www.sandrascoaching.ch\/index.php?rest_route=\/wp\/v2\/pages\/787"}],"collection":[{"href":"http:\/\/www.sandrascoaching.ch\/index.php?rest_route=\/wp\/v2\/pages"}],"about":[{"href":"http:\/\/www.sandrascoaching.ch\/index.php?rest_route=\/wp\/v2\/types\/page"}],"author":[{"embeddable":true,"href":"http:\/\/www.sandrascoaching.ch\/index.php?rest_route=\/wp\/v2\/users\/1"}],"replies":[{"embeddable":true,"href":"http:\/\/www.sandrascoaching.ch\/index.php?rest_route=%2Fwp%2Fv2%2Fcomments&post=787"}],"version-history":[{"count":27,"href":"http:\/\/www.sandrascoaching.ch\/index.php?rest_route=\/wp\/v2\/pages\/787\/revisions"}],"predecessor-version":[{"id":1438,"href":"http:\/\/www.sandrascoaching.ch\/index.php?rest_route=\/wp\/v2\/pages\/787\/revisions\/1438"}],"wp:attachment":[{"href":"http:\/\/www.sandrascoaching.ch\/index.php?rest_route=%2Fwp%2Fv2%2Fmedia&parent=787"}],"curies":[{"name":"wp","href":"https:\/\/api.w.org\/{rel}","templated":true}]}}